{"id":7,"date":"2021-09-21T14:10:58","date_gmt":"2021-09-21T14:10:58","guid":{"rendered":"https:\/\/cinema7.com\/?page_id=7"},"modified":"2022-02-02T17:24:10","modified_gmt":"2022-02-02T17:24:10","slug":"mantenimineto","status":"publish","type":"page","link":"https:\/\/cinema7.com\/index.php\/mantenimineto\/","title":{"rendered":"Mantenimineto"},"content":{"rendered":"\t\t<div data-elementor-type=\"wp-page\" data-elementor-id=\"7\" class=\"elementor elementor-7\" data-elementor-post-type=\"page\">\n\t\t\t\t\t\t<section class=\"elementor-section elementor-top-section elementor-element elementor-element-ed6972c elementor-section-height-full elementor-section-items-bottom elementor-section-content-bottom elementor-section-boxed elementor-section-height-default\" data-id=\"ed6972c\" data-element_type=\"section\" data-settings=\"{&quot;background_background&quot;:&quot;classic&quot;,&quot;jet_parallax_layout_list&quot;:[]}\">\n\t\t\t\t\t\t\t<div class=\"elementor-background-overlay\"><\/div>\n\t\t\t\t\t\t\t<div class=\"elementor-container elementor-column-gap-default\">\n\t\t\t\t\t<div class=\"elementor-column elementor-col-100 elementor-top-column elementor-element elementor-element-1b2447d\" data-id=\"1b2447d\" data-element_type=\"column\">\n\t\t\t<div class=\"elementor-widget-wrap elementor-element-populated\">\n\t\t\t\t\t\t<div class=\"elementor-element elementor-element-1695bb5 elementor-widget elementor-widget-heading\" data-id=\"1695bb5\" data-element_type=\"widget\" data-widget_type=\"heading.default\">\n\t\t\t\t<div class=\"elementor-widget-container\">\n\t\t\t\t\t<h2 class=\"elementor-heading-title elementor-size-default\">New website coming soon<\/h2>\t\t\t\t<\/div>\n\t\t\t\t<\/div>\n\t\t\t\t<div class=\"elementor-element elementor-element-f2336f4 elementor-shape-circle elementor-grid-0 e-grid-align-center elementor-widget elementor-widget-social-icons\" data-id=\"f2336f4\" data-element_type=\"widget\" data-widget_type=\"social-icons.default\">\n\t\t\t\t<div class=\"elementor-widget-container\">\n\t\t\t\t\t\t\t<div class=\"elementor-social-icons-wrapper elementor-grid\">\n\t\t\t\t\t\t\t<span class=\"elementor-grid-item\">\n\t\t\t\t\t<a class=\"elementor-icon elementor-social-icon elementor-social-icon- elementor-repeater-item-5a11d9d\" href=\"https:\/\/pro.imdb.com\/company\/co0254774\/?ref_=nm_cc_nm_2\" target=\"_blank\">\n\t\t\t\t\t\t<span class=\"elementor-screen-only\"><\/span>\n\t\t\t\t\t\t<svg xmlns:cc=\"http:\/\/creativecommons.org\/ns#\" xmlns:dc=\"http:\/\/purl.org\/dc\/elements\/1.1\/\" xmlns:inkscape=\"http:\/\/www.inkscape.org\/namespaces\/inkscape\" xmlns:rdf=\"http:\/\/www.w3.org\/1999\/02\/22-rdf-syntax-ns#\" xmlns:sodipodi=\"http:\/\/sodipodi.sourceforge.net\/DTD\/sodipodi-0.dtd\" xmlns:svg=\"http:\/\/www.w3.org\/2000\/svg\" xmlns=\"http:\/\/www.w3.org\/2000\/svg\" xmlns:xlink=\"http:\/\/www.w3.org\/1999\/xlink\" id=\"wide_rectangle\" inkscape:version=\"0.91 r13725\" sodipodi:docname=\"IMDb yellow.svg\" x=\"0px\" y=\"0px\" viewBox=\"0 0 3000 1460.8\" style=\"enable-background:new 0 0 3000 1460.8;\" xml:space=\"preserve\"><style type=\"text\/css\">\t.st0{fill-rule:evenodd;clip-rule:evenodd;}<\/style><g id=\"g4211\" transform=\"matrix(1.4095238,0,0,1.4095238,20,19.801257)\">\t<g id=\"g22\">\t\t<g id=\"g24\">\t\t\t<g id=\"g26\">\t\t\t\t<path id=\"rect28\" inkscape:connector-curvature=\"0\" class=\"st0\" d=\"M10.2,86.2h216.7v834H10.2V86.2z\"><\/path>\t\t\t\t<g id=\"g30\">\t\t\t\t\t<path id=\"path32\" inkscape:connector-curvature=\"0\" d=\"M226.9,86.2v834H10.2v-834L226.9,86.2\"><\/path>\t\t\t\t<\/g>\t\t\t<\/g>\t\t\t<g id=\"g34\">\t\t\t\t<path id=\"path36\" inkscape:connector-curvature=\"0\" class=\"st0\" d=\"M688.9,86.2l-50.2,389.6l-31-211.9      c-9.1-68-17.7-127.3-26-177.8H300.8v834h189.8l0.7-550.7l79.9,550.7h135.2l75.8-563l0.7,563h189.2v-834L688.9,86.2L688.9,86.2z\"><\/path>\t\t\t<\/g>\t\t\t<g id=\"g42\">\t\t\t\t<path id=\"path44\" inkscape:connector-curvature=\"0\" class=\"st0\" d=\"M1310.8,236.3c8.6,5,14,12.8,16.4,23.4      c2.4,10.6,3.6,34.8,3.6,72.5v323.3c0,55.5-3.6,89.5-10.8,102c-7.2,12.5-26.4,18.8-57.5,18.8V228.8      C1286.1,228.8,1302.2,231.3,1310.8,236.3L1310.8,236.3z M1308.5,920.2c51.9,0,90.7-2.8,116.5-8.5c25.8-5.7,47.4-15.6,65-29.8      c17.5-14.2,29.8-33.9,36.9-59.2c7-25.2,11.2-75.2,11.2-149.9V379.9c0-78.9-3.1-131.8-7.9-158.7c-4.8-26.9-16.8-51.3-36.1-73.3      c-19.2-21.9-47.4-37.7-84.3-47.3c-36.9-9.6-97.3-14.4-202.1-14.4H1046v834L1308.5,920.2L1308.5,920.2z\"><\/path>\t\t\t\t<g id=\"g46\">\t\t\t\t\t<path id=\"path48\" inkscape:connector-curvature=\"0\" d=\"M1207.7,86.2c104.9,0,165.2,4.8,202.1,14.4c37,9.6,65.1,25.4,84.3,47.3       c19.3,21.9,31.3,46.4,36.1,73.3c4.8,26.9,7.9,79.8,7.9,158.7v292.9c0,74.7-4.2,124.8-11.2,149.9c-7.1,25.2-19.3,44.9-36.9,59.2       c-17.6,14.2-39.2,24.2-65,29.8c-25.8,5.7-64.6,8.5-116.5,8.5H1046v-834L1207.7,86.2 M1262.5,776.3c31.1,0,50.3-6.2,57.5-18.8       c7.2-12.5,10.8-46.5,10.8-102V332.1c0-37.7-1.2-61.9-3.6-72.5c-2.4-10.6-7.9-18.4-16.4-23.4c-8.6-5-24.7-7.5-48.3-7.5V776.3\"><\/path>\t\t\t\t<\/g>\t\t\t<\/g>\t\t\t<g id=\"g50\">\t\t\t\t<path id=\"path52\" inkscape:connector-curvature=\"0\" class=\"st0\" d=\"M1893.7,717.8c0,40.4-2,65.9-6,76.5c-4,10.6-21.5,16-34.7,16      c-12.9,0-21.5-5.1-25.9-15.4c-4.4-10.3-6.5-33.7-6.5-70.3V504.1c0-38,1.9-61.7,5.7-71.1c3.8-9.4,12.2-14.1,25.1-14.1      c13.2,0,30.9,5.4,35.5,16.1c4.5,10.8,6.8,33.8,6.8,69.1L1893.7,717.8L1893.7,717.8z M1612,86.2v834H1807l13.5-53.1      c17.6,21.4,37.1,37.4,58.4,48.1c21.3,10.7,53,16,77.6,16c34.2,0,63.8-9,88.7-27c24.9-18,40.7-39.2,47.5-63.7      c6.7-24.5,10.1-61.7,10.1-111.7v-234c0-50.4-1.1-83.2-3.4-98.6c-2.3-15.4-8.9-31.2-20-47.3c-11.1-16.1-27.1-28.6-48.2-37.5      c-21.1-8.9-46-13.4-74.7-13.4c-24.9,0-56.8,5-78.1,14.8c-21.3,9.8-40.5,24.7-57.8,44.7V86.2L1612,86.2L1612,86.2z\"><\/path>\t\t\t\t<g id=\"g54\">\t\t\t\t\t<path id=\"path56\" inkscape:connector-curvature=\"0\" d=\"M1820.7,86.2v271.3c17.3-20,36.6-34.9,57.8-44.7       c21.3-9.8,53.2-14.8,78.1-14.8c28.7,0,53.6,4.5,74.7,13.4c21.1,8.9,37.2,21.4,48.2,37.5c11.1,16.1,17.7,31.8,20,47.3       c2.2,15.4,3.4,48.3,3.4,98.6v234c0,50-3.4,87.2-10.1,111.7c-6.8,24.5-22.6,45.7-47.5,63.7c-24.9,18-54.5,27-88.7,27       c-24.6,0-56.3-5.3-77.6-16c-21.3-10.7-40.7-26.7-58.4-48.1l-13.5,53.1h-195v-834L1820.7,86.2 M1853,810.2       c13.2,0,30.7-5.3,34.7-16c4-10.6,6-36.1,6-76.5V504.1c0-35.2-2.3-58.3-6.8-69.1c-4.5-10.8-22.3-16.1-35.5-16.1       c-12.9,0-21.2,4.7-25.1,14.1c-3.8,9.4-5.7,33.1-5.7,71.1v220.4c0,36.6,2.2,60.1,6.5,70.3C1831.5,805.1,1840.1,810.2,1853,810.2       \"><\/path>\t\t\t\t<\/g>\t\t\t<\/g>\t\t<\/g>\t<\/g><\/g><\/svg>\t\t\t\t\t<\/a>\n\t\t\t\t<\/span>\n\t\t\t\t\t\t\t<span class=\"elementor-grid-item\">\n\t\t\t\t\t<a class=\"elementor-icon elementor-social-icon elementor-social-icon- elementor-repeater-item-bcda9cd\" href=\"https:\/\/cinando.com\/es\/Company\/cinema_7_films_16707\/Detail\" target=\"_blank\">\n\t\t\t\t\t\t<span class=\"elementor-screen-only\"><\/span>\n\t\t\t\t\t\t<svg xmlns=\"http:\/\/www.w3.org\/2000\/svg\" xmlns:xlink=\"http:\/\/www.w3.org\/1999\/xlink\" id=\"Capa_1\" x=\"0px\" y=\"0px\" viewBox=\"0 0 424.9 453.1\" style=\"enable-background:new 0 0 424.9 453.1;\" xml:space=\"preserve\"><style type=\"text\/css\">\t.st0{fill:#FFFFFF;}<\/style><g id=\"ky3bLI_1_\">\t<g>\t\t<path class=\"st0\" d=\"M274,188.2c-6.5-4.6-12.1-10-18.7-12.9c-29.5-13.3-66.3-1.4-73.5,37.1c-5.4,29.2,9.4,57.3,38.2,63.6    c18.8,4.1,35.2-0.8,48.8-14.5c1.4-1.4,2.4-3.1,4.2-5.3c18.3,21.9,35.9,43,54,64.6c-4.4,3.8-8.4,7.6-12.7,10.8    c-19.8,14.8-42.1,23-66.6,26.1c-30.8,3.9-60.5,0.2-88.3-13.9c-39.4-19.9-63.4-52-70.1-95.6c-7-45.5,2.7-86.9,36.3-120.4    c21.7-21.7,48.6-33.3,78.9-37.3c33.6-4.4,65.7,0.5,95.8,16.1c8.2,4.2,15.6,10.2,23.3,15.4c2.1,1.4,3.4,3,1.1,5.7    c-16.8,20-33.5,40.2-50.2,60.3C274.3,188.2,273.9,188.3,274,188.2z\"><\/path>\t\t<path class=\"st0\" d=\"M55.9,4.8c13.5,0,27,0.1,40.5-0.1c4.6-0.1,6.2,1.6,6,6.1c-0.3,8.6-0.2,17.3,0,26c0.1,4.1-1.5,5.6-5.6,5.5    c-15-0.1-30,0.1-44.9-0.1c-4.5-0.1-5.7,1.5-5.6,5.8c0.2,14.3,0,28.6,0.2,42.9c0.1,4.3-1.3,5.8-5.8,5.7c-8.8-0.3-17.7-0.3-26.5,0    c-4.3,0.1-5.4-1.5-5.4-5.5c0.1-27,0.1-53.9,0-80.9c0-4.2,1.7-5.5,5.7-5.4C28.2,4.9,42,4.8,55.9,4.8z\"><\/path>\t\t<path class=\"st0\" d=\"M371.3,446.4c-13.7,0-27.3-0.1-41,0.1c-4.4,0.1-5.9-1.3-5.8-5.7c0.3-8.7,0.3-17.3,0-26    c-0.1-4.3,1.5-5.3,5.5-5.3c15.2,0.2,30.3,0,45.5,0.2c3.9,0,5.2-1.2,5.2-5.1c-0.2-14.8,0-29.7-0.1-44.5c0-4,1.1-5.7,5.3-5.5    c9,0.3,18,0.2,27,0c3.4-0.1,4.7,0.9,4.6,4.5c-0.1,27.7-0.1,55.3,0,83c0,3.7-1.5,4.5-4.8,4.5C399,446.4,385.1,446.4,371.3,446.4z\"><\/path>\t<\/g><\/g><\/svg>\t\t\t\t\t<\/a>\n\t\t\t\t<\/span>\n\t\t\t\t\t\t\t<span class=\"elementor-grid-item\">\n\t\t\t\t\t<a class=\"elementor-icon elementor-social-icon elementor-social-icon-facebook elementor-repeater-item-413c772\" href=\"https:\/\/www.facebook.com\/cinema7films\/\" target=\"_blank\">\n\t\t\t\t\t\t<span class=\"elementor-screen-only\">Facebook<\/span>\n\t\t\t\t\t\t<i class=\"fab fa-facebook\"><\/i>\t\t\t\t\t<\/a>\n\t\t\t\t<\/span>\n\t\t\t\t\t\t\t<span class=\"elementor-grid-item\">\n\t\t\t\t\t<a class=\"elementor-icon elementor-social-icon elementor-social-icon-instagram elementor-repeater-item-06d60d7\" href=\"https:\/\/www.instagram.com\/cinema7films\/?hl=es-la\" target=\"_blank\">\n\t\t\t\t\t\t<span class=\"elementor-screen-only\">Instagram<\/span>\n\t\t\t\t\t\t<i class=\"fab fa-instagram\"><\/i>\t\t\t\t\t<\/a>\n\t\t\t\t<\/span>\n\t\t\t\t\t\t\t<span class=\"elementor-grid-item\">\n\t\t\t\t\t<a class=\"elementor-icon elementor-social-icon elementor-social-icon-youtube elementor-repeater-item-3b08c64\" href=\"https:\/\/www.youtube.com\/channel\/UC38dWH3jYVw9rAMJtWKWxSQ\" target=\"_blank\">\n\t\t\t\t\t\t<span class=\"elementor-screen-only\">Youtube<\/span>\n\t\t\t\t\t\t<i class=\"fab fa-youtube\"><\/i>\t\t\t\t\t<\/a>\n\t\t\t\t<\/span>\n\t\t\t\t\t\t\t<span class=\"elementor-grid-item\">\n\t\t\t\t\t<a class=\"elementor-icon elementor-social-icon elementor-social-icon-envelope elementor-repeater-item-f41b7d3\" href=\"mailto:%20cinema7@cinema7.com\/\" target=\"_blank\">\n\t\t\t\t\t\t<span class=\"elementor-screen-only\">Envelope<\/span>\n\t\t\t\t\t\t<i class=\"fas fa-envelope\"><\/i>\t\t\t\t\t<\/a>\n\t\t\t\t<\/span>\n\t\t\t\t\t<\/div>\n\t\t\t\t\t\t<\/div>\n\t\t\t\t<\/div>\n\t\t\t\t<div class=\"elementor-element elementor-element-ac49fe6 elementor-widget__width-auto elementor-widget elementor-widget-heading\" data-id=\"ac49fe6\" data-element_type=\"widget\" data-widget_type=\"heading.default\">\n\t\t\t\t<div class=\"elementor-widget-container\">\n\t\t\t\t\t<h2 class=\"elementor-heading-title elementor-size-default\">BUENOS AIRES<\/h2>\t\t\t\t<\/div>\n\t\t\t\t<\/div>\n\t\t\t\t<div class=\"elementor-element elementor-element-0fa5f14 elementor-widget__width-auto elementor-widget elementor-widget-heading\" data-id=\"0fa5f14\" data-element_type=\"widget\" data-widget_type=\"heading.default\">\n\t\t\t\t<div class=\"elementor-widget-container\">\n\t\t\t\t\t<h2 class=\"elementor-heading-title elementor-size-default\">ARGENTINA<\/h2>\t\t\t\t<\/div>\n\t\t\t\t<\/div>\n\t\t\t\t<div class=\"elementor-element elementor-element-ce7aa65 elementor-widget elementor-widget-spacer\" data-id=\"ce7aa65\" data-element_type=\"widget\" data-widget_type=\"spacer.default\">\n\t\t\t\t<div class=\"elementor-widget-container\">\n\t\t\t\t\t\t\t<div class=\"elementor-spacer\">\n\t\t\t<div class=\"elementor-spacer-inner\"><\/div>\n\t\t<\/div>\n\t\t\t\t\t\t<\/div>\n\t\t\t\t<\/div>\n\t\t\t\t\t<\/div>\n\t\t<\/div>\n\t\t\t\t\t<\/div>\n\t\t<\/section>\n\t\t\t\t<\/div>\n\t\t","protected":false},"excerpt":{"rendered":"<p>New website coming soon Facebook Instagram Youtube Envelope BUENOS AIRES ARGENTINA<\/p>\n","protected":false},"author":1,"featured_media":0,"parent":0,"menu_order":0,"comment_status":"closed","ping_status":"closed","template":"elementor_canvas","meta":{"_acf_changed":false,"om_disable_all_campaigns":false,"footnotes":""},"class_list":["post-7","page","type-page","status-publish"],"acf":[],"yoast_head":"<!-- This site is optimized with the Yoast SEO plugin v24.3 - https:\/\/yoast.com\/wordpress\/plugins\/seo\/ -->\n<title>Cinema7 - Mantenimineto<\/title>\n<meta name=\"description\" content=\"Is a Film and Television production company based in Buenos Aires, Argentina, focused on international co-production and worldwide content.C7F productions has been co-produced and distributed by FOX International Productions, 20th Century FOX, Universal Pictures, Buena Vista International, Lionsgate-Grindstone and Netflix, among others. C7F productions featured talents such as Harvey Keitel, Hayden Christensen, Geraldine Chaplin, Ricardo Dar\u00edn, Lito Cruz, Jos\u00e9 Sacrist\u00e1n, Vera Spinetta and Marco Leonardi, among others.C7F\u2019s fiction and documentary films have been selected and awarded in more than 50 international festivals.\" \/>\n<meta name=\"robots\" content=\"index, follow, max-snippet:-1, max-image-preview:large, max-video-preview:-1\" \/>\n<link rel=\"canonical\" href=\"https:\/\/cinema7.com\/index.php\/mantenimineto\/\" \/>\n<meta property=\"og:locale\" content=\"en_US\" \/>\n<meta property=\"og:type\" content=\"article\" \/>\n<meta property=\"og:title\" content=\"Cinema7 - Mantenimineto\" \/>\n<meta property=\"og:description\" content=\"Is a Film and Television production company based in Buenos Aires, Argentina, focused on international co-production and worldwide content.C7F productions has been co-produced and distributed by FOX International Productions, 20th Century FOX, Universal Pictures, Buena Vista International, Lionsgate-Grindstone and Netflix, among others. C7F productions featured talents such as Harvey Keitel, Hayden Christensen, Geraldine Chaplin, Ricardo Dar\u00edn, Lito Cruz, Jos\u00e9 Sacrist\u00e1n, Vera Spinetta and Marco Leonardi, among others.C7F\u2019s fiction and documentary films have been selected and awarded in more than 50 international festivals.\" \/>\n<meta property=\"og:url\" content=\"https:\/\/cinema7.com\/index.php\/mantenimineto\/\" \/>\n<meta property=\"og:site_name\" content=\"Cinema7\" \/>\n<meta property=\"article:publisher\" content=\"https:\/\/www.facebook.com\/cinema7films\/\" \/>\n<meta property=\"article:modified_time\" content=\"2022-02-02T17:24:10+00:00\" \/>\n<meta property=\"og:image\" content=\"https:\/\/cinema7.com\/wp-content\/uploads\/2025\/12\/301967027_490361246430718_5221647641402723262_n.jpg\" \/>\n\t<meta property=\"og:image:width\" content=\"640\" \/>\n\t<meta property=\"og:image:height\" content=\"640\" \/>\n\t<meta property=\"og:image:type\" content=\"image\/jpeg\" \/>\n<meta name=\"twitter:card\" content=\"summary_large_image\" \/>\n<script type=\"application\/ld+json\" class=\"yoast-schema-graph\">{\"@context\":\"https:\/\/schema.org\",\"@graph\":[{\"@type\":\"WebPage\",\"@id\":\"https:\/\/cinema7.com\/index.php\/mantenimineto\/\",\"url\":\"https:\/\/cinema7.com\/index.php\/mantenimineto\/\",\"name\":\"Cinema7 - Mantenimineto\",\"isPartOf\":{\"@id\":\"https:\/\/cinema7.com\/#website\"},\"datePublished\":\"2021-09-21T14:10:58+00:00\",\"dateModified\":\"2022-02-02T17:24:10+00:00\",\"description\":\"Is a Film and Television production company based in Buenos Aires, Argentina, focused on international co-production and worldwide content.C7F productions has been co-produced and distributed by FOX International Productions, 20th Century FOX, Universal Pictures, Buena Vista International, Lionsgate-Grindstone and Netflix, among others. C7F productions featured talents such as Harvey Keitel, Hayden Christensen, Geraldine Chaplin, Ricardo Dar\u00edn, Lito Cruz, Jos\u00e9 Sacrist\u00e1n, Vera Spinetta and Marco Leonardi, among others.C7F\u2019s fiction and documentary films have been selected and awarded in more than 50 international festivals.\",\"breadcrumb\":{\"@id\":\"https:\/\/cinema7.com\/index.php\/mantenimineto\/#breadcrumb\"},\"inLanguage\":\"en-US\",\"potentialAction\":[{\"@type\":\"ReadAction\",\"target\":[\"https:\/\/cinema7.com\/index.php\/mantenimineto\/\"]}]},{\"@type\":\"BreadcrumbList\",\"@id\":\"https:\/\/cinema7.com\/index.php\/mantenimineto\/#breadcrumb\",\"itemListElement\":[{\"@type\":\"ListItem\",\"position\":1,\"name\":\"Home\",\"item\":\"https:\/\/cinema7.com\/\"},{\"@type\":\"ListItem\",\"position\":2,\"name\":\"Mantenimineto\"}]},{\"@type\":\"WebSite\",\"@id\":\"https:\/\/cinema7.com\/#website\",\"url\":\"https:\/\/cinema7.com\/\",\"name\":\"Cinema7\",\"description\":\"Film and Television production company based in Buenos Aires\",\"publisher\":{\"@id\":\"https:\/\/cinema7.com\/#organization\"},\"potentialAction\":[{\"@type\":\"SearchAction\",\"target\":{\"@type\":\"EntryPoint\",\"urlTemplate\":\"https:\/\/cinema7.com\/?s={search_term_string}\"},\"query-input\":{\"@type\":\"PropertyValueSpecification\",\"valueRequired\":true,\"valueName\":\"search_term_string\"}}],\"inLanguage\":\"en-US\"},{\"@type\":\"Organization\",\"@id\":\"https:\/\/cinema7.com\/#organization\",\"name\":\"Cinema 7\",\"url\":\"https:\/\/cinema7.com\/\",\"logo\":{\"@type\":\"ImageObject\",\"inLanguage\":\"en-US\",\"@id\":\"https:\/\/cinema7.com\/#\/schema\/logo\/image\/\",\"url\":\"https:\/\/cinema7.com\/wp-content\/uploads\/2025\/12\/301967027_490361246430718_5221647641402723262_n.jpg\",\"contentUrl\":\"https:\/\/cinema7.com\/wp-content\/uploads\/2025\/12\/301967027_490361246430718_5221647641402723262_n.jpg\",\"width\":640,\"height\":640,\"caption\":\"Cinema 7\"},\"image\":{\"@id\":\"https:\/\/cinema7.com\/#\/schema\/logo\/image\/\"},\"sameAs\":[\"https:\/\/www.facebook.com\/cinema7films\/\",\"https:\/\/www.instagram.com\/cinema7films\/?hl=es-la\",\"https:\/\/www.youtube.com\/channel\/UC38dWH3jYVw9rAMJtWKWxSQ\"]}]}<\/script>\n<!-- \/ Yoast SEO plugin. -->","yoast_head_json":{"title":"Cinema7 - Mantenimineto","description":"Is a Film and Television production company based in Buenos Aires, Argentina, focused on international co-production and worldwide content.C7F productions has been co-produced and distributed by FOX International Productions, 20th Century FOX, Universal Pictures, Buena Vista International, Lionsgate-Grindstone and Netflix, among others. C7F productions featured talents such as Harvey Keitel, Hayden Christensen, Geraldine Chaplin, Ricardo Dar\u00edn, Lito Cruz, Jos\u00e9 Sacrist\u00e1n, Vera Spinetta and Marco Leonardi, among others.C7F\u2019s fiction and documentary films have been selected and awarded in more than 50 international festivals.","robots":{"index":"index","follow":"follow","max-snippet":"max-snippet:-1","max-image-preview":"max-image-preview:large","max-video-preview":"max-video-preview:-1"},"canonical":"https:\/\/cinema7.com\/index.php\/mantenimineto\/","og_locale":"en_US","og_type":"article","og_title":"Cinema7 - Mantenimineto","og_description":"Is a Film and Television production company based in Buenos Aires, Argentina, focused on international co-production and worldwide content.C7F productions has been co-produced and distributed by FOX International Productions, 20th Century FOX, Universal Pictures, Buena Vista International, Lionsgate-Grindstone and Netflix, among others. C7F productions featured talents such as Harvey Keitel, Hayden Christensen, Geraldine Chaplin, Ricardo Dar\u00edn, Lito Cruz, Jos\u00e9 Sacrist\u00e1n, Vera Spinetta and Marco Leonardi, among others.C7F\u2019s fiction and documentary films have been selected and awarded in more than 50 international festivals.","og_url":"https:\/\/cinema7.com\/index.php\/mantenimineto\/","og_site_name":"Cinema7","article_publisher":"https:\/\/www.facebook.com\/cinema7films\/","article_modified_time":"2022-02-02T17:24:10+00:00","og_image":[{"width":640,"height":640,"url":"https:\/\/cinema7.com\/wp-content\/uploads\/2025\/12\/301967027_490361246430718_5221647641402723262_n.jpg","type":"image\/jpeg"}],"twitter_card":"summary_large_image","schema":{"@context":"https:\/\/schema.org","@graph":[{"@type":"WebPage","@id":"https:\/\/cinema7.com\/index.php\/mantenimineto\/","url":"https:\/\/cinema7.com\/index.php\/mantenimineto\/","name":"Cinema7 - Mantenimineto","isPartOf":{"@id":"https:\/\/cinema7.com\/#website"},"datePublished":"2021-09-21T14:10:58+00:00","dateModified":"2022-02-02T17:24:10+00:00","description":"Is a Film and Television production company based in Buenos Aires, Argentina, focused on international co-production and worldwide content.C7F productions has been co-produced and distributed by FOX International Productions, 20th Century FOX, Universal Pictures, Buena Vista International, Lionsgate-Grindstone and Netflix, among others. C7F productions featured talents such as Harvey Keitel, Hayden Christensen, Geraldine Chaplin, Ricardo Dar\u00edn, Lito Cruz, Jos\u00e9 Sacrist\u00e1n, Vera Spinetta and Marco Leonardi, among others.C7F\u2019s fiction and documentary films have been selected and awarded in more than 50 international festivals.","breadcrumb":{"@id":"https:\/\/cinema7.com\/index.php\/mantenimineto\/#breadcrumb"},"inLanguage":"en-US","potentialAction":[{"@type":"ReadAction","target":["https:\/\/cinema7.com\/index.php\/mantenimineto\/"]}]},{"@type":"BreadcrumbList","@id":"https:\/\/cinema7.com\/index.php\/mantenimineto\/#breadcrumb","itemListElement":[{"@type":"ListItem","position":1,"name":"Home","item":"https:\/\/cinema7.com\/"},{"@type":"ListItem","position":2,"name":"Mantenimineto"}]},{"@type":"WebSite","@id":"https:\/\/cinema7.com\/#website","url":"https:\/\/cinema7.com\/","name":"Cinema7","description":"Film and Television production company based in Buenos Aires","publisher":{"@id":"https:\/\/cinema7.com\/#organization"},"potentialAction":[{"@type":"SearchAction","target":{"@type":"EntryPoint","urlTemplate":"https:\/\/cinema7.com\/?s={search_term_string}"},"query-input":{"@type":"PropertyValueSpecification","valueRequired":true,"valueName":"search_term_string"}}],"inLanguage":"en-US"},{"@type":"Organization","@id":"https:\/\/cinema7.com\/#organization","name":"Cinema 7","url":"https:\/\/cinema7.com\/","logo":{"@type":"ImageObject","inLanguage":"en-US","@id":"https:\/\/cinema7.com\/#\/schema\/logo\/image\/","url":"https:\/\/cinema7.com\/wp-content\/uploads\/2025\/12\/301967027_490361246430718_5221647641402723262_n.jpg","contentUrl":"https:\/\/cinema7.com\/wp-content\/uploads\/2025\/12\/301967027_490361246430718_5221647641402723262_n.jpg","width":640,"height":640,"caption":"Cinema 7"},"image":{"@id":"https:\/\/cinema7.com\/#\/schema\/logo\/image\/"},"sameAs":["https:\/\/www.facebook.com\/cinema7films\/","https:\/\/www.instagram.com\/cinema7films\/?hl=es-la","https:\/\/www.youtube.com\/channel\/UC38dWH3jYVw9rAMJtWKWxSQ"]}]}},"_links":{"self":[{"href":"https:\/\/cinema7.com\/index.php\/wp-json\/wp\/v2\/pages\/7","targetHints":{"allow":["GET"]}}],"collection":[{"href":"https:\/\/cinema7.com\/index.php\/wp-json\/wp\/v2\/pages"}],"about":[{"href":"https:\/\/cinema7.com\/index.php\/wp-json\/wp\/v2\/types\/page"}],"author":[{"embeddable":true,"href":"https:\/\/cinema7.com\/index.php\/wp-json\/wp\/v2\/users\/1"}],"replies":[{"embeddable":true,"href":"https:\/\/cinema7.com\/index.php\/wp-json\/wp\/v2\/comments?post=7"}],"version-history":[{"count":41,"href":"https:\/\/cinema7.com\/index.php\/wp-json\/wp\/v2\/pages\/7\/revisions"}],"predecessor-version":[{"id":866,"href":"https:\/\/cinema7.com\/index.php\/wp-json\/wp\/v2\/pages\/7\/revisions\/866"}],"wp:attachment":[{"href":"https:\/\/cinema7.com\/index.php\/wp-json\/wp\/v2\/media?parent=7"}],"curies":[{"name":"wp","href":"https:\/\/api.w.org\/{rel}","templated":true}]}}