{"id":833,"date":"2022-02-02T16:16:32","date_gmt":"2022-02-02T16:16:32","guid":{"rendered":"https:\/\/cinema7.com\/?page_id=833"},"modified":"2023-11-29T19:39:19","modified_gmt":"2023-11-29T19:39:19","slug":"services","status":"publish","type":"page","link":"https:\/\/cinema7.com\/index.php\/services\/","title":{"rendered":"Services"},"content":{"rendered":"\t\t<div data-elementor-type=\"wp-page\" data-elementor-id=\"833\" class=\"elementor elementor-833\" data-elementor-post-type=\"page\">\n\t\t\t\t\t\t<section class=\"elementor-section elementor-top-section elementor-element elementor-element-c290c43 elementor-section-full_width elementor-section-height-min-height elementor-section-height-default elementor-section-items-middle\" data-id=\"c290c43\" data-element_type=\"section\" data-settings=\"{&quot;jet_parallax_layout_list&quot;:[{&quot;jet_parallax_layout_image&quot;:{&quot;url&quot;:&quot;&quot;,&quot;id&quot;:&quot;&quot;,&quot;size&quot;:&quot;&quot;},&quot;_id&quot;:&quot;79081fb&quot;,&quot;jet_parallax_layout_image_tablet&quot;:{&quot;url&quot;:&quot;&quot;,&quot;id&quot;:&quot;&quot;,&quot;size&quot;:&quot;&quot;},&quot;jet_parallax_layout_image_mobile&quot;:{&quot;url&quot;:&quot;&quot;,&quot;id&quot;:&quot;&quot;,&quot;size&quot;:&quot;&quot;},&quot;jet_parallax_layout_speed&quot;:{&quot;unit&quot;:&quot;%&quot;,&quot;size&quot;:50,&quot;sizes&quot;:[]},&quot;jet_parallax_layout_type&quot;:&quot;scroll&quot;,&quot;jet_parallax_layout_direction&quot;:null,&quot;jet_parallax_layout_fx_direction&quot;:null,&quot;jet_parallax_layout_z_index&quot;:&quot;&quot;,&quot;jet_parallax_layout_bg_x&quot;:50,&quot;jet_parallax_layout_bg_x_tablet&quot;:&quot;&quot;,&quot;jet_parallax_layout_bg_x_mobile&quot;:&quot;&quot;,&quot;jet_parallax_layout_bg_y&quot;:50,&quot;jet_parallax_layout_bg_y_tablet&quot;:&quot;&quot;,&quot;jet_parallax_layout_bg_y_mobile&quot;:&quot;&quot;,&quot;jet_parallax_layout_bg_size&quot;:&quot;auto&quot;,&quot;jet_parallax_layout_bg_size_tablet&quot;:&quot;&quot;,&quot;jet_parallax_layout_bg_size_mobile&quot;:&quot;&quot;,&quot;jet_parallax_layout_animation_prop&quot;:&quot;transform&quot;,&quot;jet_parallax_layout_on&quot;:[&quot;desktop&quot;,&quot;tablet&quot;]}],&quot;background_background&quot;:&quot;slideshow&quot;,&quot;background_slideshow_gallery&quot;:[{&quot;id&quot;:842,&quot;url&quot;:&quot;https:\\\/\\\/cinema7.com\\\/wp-content\\\/uploads\\\/2022\\\/02\\\/Back6.jpg&quot;},{&quot;id&quot;:841,&quot;url&quot;:&quot;https:\\\/\\\/cinema7.com\\\/wp-content\\\/uploads\\\/2022\\\/02\\\/Back5.jpg&quot;},{&quot;id&quot;:840,&quot;url&quot;:&quot;https:\\\/\\\/cinema7.com\\\/wp-content\\\/uploads\\\/2022\\\/02\\\/Back4.jpg&quot;},{&quot;id&quot;:839,&quot;url&quot;:&quot;https:\\\/\\\/cinema7.com\\\/wp-content\\\/uploads\\\/2022\\\/02\\\/Back3.jpg&quot;},{&quot;id&quot;:838,&quot;url&quot;:&quot;https:\\\/\\\/cinema7.com\\\/wp-content\\\/uploads\\\/2022\\\/02\\\/Back2.jpg&quot;},{&quot;id&quot;:837,&quot;url&quot;:&quot;https:\\\/\\\/cinema7.com\\\/wp-content\\\/uploads\\\/2022\\\/02\\\/Back1-1.jpg&quot;}],&quot;background_slideshow_slide_duration&quot;:2000,&quot;background_slideshow_loop&quot;:&quot;yes&quot;,&quot;background_slideshow_slide_transition&quot;:&quot;fade&quot;,&quot;background_slideshow_transition_duration&quot;:500}\">\n\t\t\t\t\t\t\t<div class=\"elementor-background-overlay\"><\/div>\n\t\t\t\t\t\t\t<div class=\"elementor-container elementor-column-gap-default\">\n\t\t\t\t\t<div class=\"elementor-column elementor-col-100 elementor-top-column elementor-element elementor-element-a96d762\" data-id=\"a96d762\" data-element_type=\"column\" data-settings=\"{&quot;background_background&quot;:&quot;slideshow&quot;,&quot;background_slideshow_gallery&quot;:[],&quot;background_slideshow_loop&quot;:&quot;yes&quot;,&quot;background_slideshow_slide_duration&quot;:5000,&quot;background_slideshow_slide_transition&quot;:&quot;fade&quot;,&quot;background_slideshow_transition_duration&quot;:500}\">\n\t\t\t<div class=\"elementor-widget-wrap elementor-element-populated\">\n\t\t\t\t\t\t<div class=\"elementor-element elementor-element-a2983ae elementor-widget elementor-widget-heading\" data-id=\"a2983ae\" data-element_type=\"widget\" data-widget_type=\"heading.default\">\n\t\t\t\t<div class=\"elementor-widget-container\">\n\t\t\t\t\t<p class=\"elementor-heading-title elementor-size-default\">FILM PRODUCTION SERVICES <\/p>\t\t\t\t<\/div>\n\t\t\t\t<\/div>\n\t\t\t\t\t<\/div>\n\t\t<\/div>\n\t\t\t\t\t<\/div>\n\t\t<\/section>\n\t\t\t\t<section class=\"elementor-section elementor-top-section elementor-element elementor-element-da48b75 elementor-section-boxed elementor-section-height-default elementor-section-height-default\" data-id=\"da48b75\" data-element_type=\"section\" data-settings=\"{&quot;jet_parallax_layout_list&quot;:[{&quot;jet_parallax_layout_image&quot;:{&quot;url&quot;:&quot;&quot;,&quot;id&quot;:&quot;&quot;,&quot;size&quot;:&quot;&quot;},&quot;_id&quot;:&quot;ad9b0a2&quot;,&quot;jet_parallax_layout_image_tablet&quot;:{&quot;url&quot;:&quot;&quot;,&quot;id&quot;:&quot;&quot;,&quot;size&quot;:&quot;&quot;},&quot;jet_parallax_layout_image_mobile&quot;:{&quot;url&quot;:&quot;&quot;,&quot;id&quot;:&quot;&quot;,&quot;size&quot;:&quot;&quot;},&quot;jet_parallax_layout_speed&quot;:{&quot;unit&quot;:&quot;%&quot;,&quot;size&quot;:50,&quot;sizes&quot;:[]},&quot;jet_parallax_layout_type&quot;:&quot;scroll&quot;,&quot;jet_parallax_layout_direction&quot;:null,&quot;jet_parallax_layout_fx_direction&quot;:null,&quot;jet_parallax_layout_z_index&quot;:&quot;&quot;,&quot;jet_parallax_layout_bg_x&quot;:50,&quot;jet_parallax_layout_bg_x_tablet&quot;:&quot;&quot;,&quot;jet_parallax_layout_bg_x_mobile&quot;:&quot;&quot;,&quot;jet_parallax_layout_bg_y&quot;:50,&quot;jet_parallax_layout_bg_y_tablet&quot;:&quot;&quot;,&quot;jet_parallax_layout_bg_y_mobile&quot;:&quot;&quot;,&quot;jet_parallax_layout_bg_size&quot;:&quot;auto&quot;,&quot;jet_parallax_layout_bg_size_tablet&quot;:&quot;&quot;,&quot;jet_parallax_layout_bg_size_mobile&quot;:&quot;&quot;,&quot;jet_parallax_layout_animation_prop&quot;:&quot;transform&quot;,&quot;jet_parallax_layout_on&quot;:[&quot;desktop&quot;,&quot;tablet&quot;]}]}\">\n\t\t\t\t\t\t<div class=\"elementor-container elementor-column-gap-default\">\n\t\t\t\t\t<div class=\"elementor-column elementor-col-100 elementor-top-column elementor-element elementor-element-de4f4b5\" data-id=\"de4f4b5\" data-element_type=\"column\">\n\t\t\t<div class=\"elementor-widget-wrap elementor-element-populated\">\n\t\t\t\t\t\t<div class=\"elementor-element elementor-element-e70ba7d elementor-widget elementor-widget-text-editor\" data-id=\"e70ba7d\" data-element_type=\"widget\" data-widget_type=\"text-editor.default\">\n\t\t\t\t<div class=\"elementor-widget-container\">\n\t\t\t\t\t\t\t\t\t<h3 style=\"text-align: center;\">CINEMA 7 FILMS is a reputed production and service providing company with a wide range of experience.\u00a0<\/h3><h3 style=\"text-align: center;\">We can provide a full range of support services for each stage of production.<\/h3>\t\t\t\t\t\t\t\t<\/div>\n\t\t\t\t<\/div>\n\t\t\t\t\t<\/div>\n\t\t<\/div>\n\t\t\t\t\t<\/div>\n\t\t<\/section>\n\t\t\t\t<section class=\"elementor-section elementor-top-section elementor-element elementor-element-c561c8a elementor-section-boxed elementor-section-height-default elementor-section-height-default\" data-id=\"c561c8a\" data-element_type=\"section\" data-settings=\"{&quot;jet_parallax_layout_list&quot;:[{&quot;jet_parallax_layout_image&quot;:{&quot;url&quot;:&quot;&quot;,&quot;id&quot;:&quot;&quot;,&quot;size&quot;:&quot;&quot;},&quot;_id&quot;:&quot;c80d975&quot;,&quot;jet_parallax_layout_image_tablet&quot;:{&quot;url&quot;:&quot;&quot;,&quot;id&quot;:&quot;&quot;,&quot;size&quot;:&quot;&quot;},&quot;jet_parallax_layout_image_mobile&quot;:{&quot;url&quot;:&quot;&quot;,&quot;id&quot;:&quot;&quot;,&quot;size&quot;:&quot;&quot;},&quot;jet_parallax_layout_speed&quot;:{&quot;unit&quot;:&quot;%&quot;,&quot;size&quot;:50,&quot;sizes&quot;:[]},&quot;jet_parallax_layout_type&quot;:&quot;scroll&quot;,&quot;jet_parallax_layout_direction&quot;:null,&quot;jet_parallax_layout_fx_direction&quot;:null,&quot;jet_parallax_layout_z_index&quot;:&quot;&quot;,&quot;jet_parallax_layout_bg_x&quot;:50,&quot;jet_parallax_layout_bg_x_tablet&quot;:&quot;&quot;,&quot;jet_parallax_layout_bg_x_mobile&quot;:&quot;&quot;,&quot;jet_parallax_layout_bg_y&quot;:50,&quot;jet_parallax_layout_bg_y_tablet&quot;:&quot;&quot;,&quot;jet_parallax_layout_bg_y_mobile&quot;:&quot;&quot;,&quot;jet_parallax_layout_bg_size&quot;:&quot;auto&quot;,&quot;jet_parallax_layout_bg_size_tablet&quot;:&quot;&quot;,&quot;jet_parallax_layout_bg_size_mobile&quot;:&quot;&quot;,&quot;jet_parallax_layout_animation_prop&quot;:&quot;transform&quot;,&quot;jet_parallax_layout_on&quot;:[&quot;desktop&quot;,&quot;tablet&quot;]}]}\">\n\t\t\t\t\t\t<div class=\"elementor-container elementor-column-gap-default\">\n\t\t\t\t\t<div class=\"elementor-column elementor-col-100 elementor-top-column elementor-element elementor-element-b9f1d56\" data-id=\"b9f1d56\" data-element_type=\"column\">\n\t\t\t<div class=\"elementor-widget-wrap elementor-element-populated\">\n\t\t\t\t\t\t<div class=\"elementor-element elementor-element-62dcfe8 elementor-widget elementor-widget-video\" data-id=\"62dcfe8\" data-element_type=\"widget\" data-settings=\"{&quot;video_type&quot;:&quot;vimeo&quot;,&quot;autoplay&quot;:&quot;yes&quot;,&quot;mute&quot;:&quot;yes&quot;,&quot;loop&quot;:&quot;yes&quot;}\" data-widget_type=\"video.default\">\n\t\t\t\t<div class=\"elementor-widget-container\">\n\t\t\t\t\t\t\t<div class=\"elementor-wrapper elementor-open-inline\">\n\t\t\t<iframe class=\"elementor-video-iframe\" allowfullscreen allow=\"autoplay\" title=\"vimeo Video Player\" src=\"https:\/\/player.vimeo.com\/video\/191846133?autoplay=1&amp;color&amp;autopause=0&amp;loop=1&amp;muted=1&amp;title=1&amp;portrait=1&amp;byline=1#t=\"><\/iframe>\t\t<\/div>\n\t\t\t\t\t\t<\/div>\n\t\t\t\t<\/div>\n\t\t\t\t\t<\/div>\n\t\t<\/div>\n\t\t\t\t\t<\/div>\n\t\t<\/section>\n\t\t\t\t<section class=\"elementor-section elementor-top-section elementor-element elementor-element-190b4e7 elementor-section-boxed elementor-section-height-default elementor-section-height-default\" data-id=\"190b4e7\" data-element_type=\"section\" data-settings=\"{&quot;jet_parallax_layout_list&quot;:[{&quot;jet_parallax_layout_image&quot;:{&quot;url&quot;:&quot;&quot;,&quot;id&quot;:&quot;&quot;,&quot;size&quot;:&quot;&quot;},&quot;_id&quot;:&quot;4b8574a&quot;,&quot;jet_parallax_layout_image_tablet&quot;:{&quot;url&quot;:&quot;&quot;,&quot;id&quot;:&quot;&quot;,&quot;size&quot;:&quot;&quot;},&quot;jet_parallax_layout_image_mobile&quot;:{&quot;url&quot;:&quot;&quot;,&quot;id&quot;:&quot;&quot;,&quot;size&quot;:&quot;&quot;},&quot;jet_parallax_layout_speed&quot;:{&quot;unit&quot;:&quot;%&quot;,&quot;size&quot;:50,&quot;sizes&quot;:[]},&quot;jet_parallax_layout_type&quot;:&quot;scroll&quot;,&quot;jet_parallax_layout_direction&quot;:null,&quot;jet_parallax_layout_fx_direction&quot;:null,&quot;jet_parallax_layout_z_index&quot;:&quot;&quot;,&quot;jet_parallax_layout_bg_x&quot;:50,&quot;jet_parallax_layout_bg_x_tablet&quot;:&quot;&quot;,&quot;jet_parallax_layout_bg_x_mobile&quot;:&quot;&quot;,&quot;jet_parallax_layout_bg_y&quot;:50,&quot;jet_parallax_layout_bg_y_tablet&quot;:&quot;&quot;,&quot;jet_parallax_layout_bg_y_mobile&quot;:&quot;&quot;,&quot;jet_parallax_layout_bg_size&quot;:&quot;auto&quot;,&quot;jet_parallax_layout_bg_size_tablet&quot;:&quot;&quot;,&quot;jet_parallax_layout_bg_size_mobile&quot;:&quot;&quot;,&quot;jet_parallax_layout_animation_prop&quot;:&quot;transform&quot;,&quot;jet_parallax_layout_on&quot;:[&quot;desktop&quot;,&quot;tablet&quot;]}]}\">\n\t\t\t\t\t\t<div class=\"elementor-container elementor-column-gap-default\">\n\t\t\t\t\t<div class=\"elementor-column elementor-col-100 elementor-top-column elementor-element elementor-element-622aea6\" data-id=\"622aea6\" data-element_type=\"column\">\n\t\t\t<div class=\"elementor-widget-wrap elementor-element-populated\">\n\t\t\t\t\t\t<div class=\"elementor-element elementor-element-396246d elementor-align-center elementor-widget elementor-widget-button\" data-id=\"396246d\" data-element_type=\"widget\" data-widget_type=\"button.default\">\n\t\t\t\t<div class=\"elementor-widget-container\">\n\t\t\t\t\t\t\t\t\t<div class=\"elementor-button-wrapper\">\n\t\t\t\t\t<a class=\"elementor-button elementor-button-link elementor-size-md\" href=\"https:\/\/cinema7.com\/index.php\/home-2\/#contact\">\n\t\t\t\t\t\t<span class=\"elementor-button-content-wrapper\">\n\t\t\t\t\t\t\t\t\t<span class=\"elementor-button-text\">Contact Us<\/span>\n\t\t\t\t\t<\/span>\n\t\t\t\t\t<\/a>\n\t\t\t\t<\/div>\n\t\t\t\t\t\t\t\t<\/div>\n\t\t\t\t<\/div>\n\t\t\t\t\t<\/div>\n\t\t<\/div>\n\t\t\t\t\t<\/div>\n\t\t<\/section>\n\t\t\t\t<\/div>\n\t\t","protected":false},"excerpt":{"rendered":"<p>FILM PRODUCTION SERVICES CINEMA 7 FILMS is a reputed production and service providing company with a wide range of experience.\u00a0 We can provide a full range of support services for each stage of production. https:\/\/vimeo.com\/191846133 Contact Us<\/p>\n","protected":false},"author":1,"featured_media":0,"parent":0,"menu_order":0,"comment_status":"closed","ping_status":"closed","template":"elementor_header_footer","meta":{"_acf_changed":false,"om_disable_all_campaigns":false,"footnotes":""},"class_list":["post-833","page","type-page","status-publish"],"acf":[],"yoast_head":"<!-- This site is optimized with the Yoast SEO plugin v24.3 - https:\/\/yoast.com\/wordpress\/plugins\/seo\/ -->\n<title>Cinema7 - Services<\/title>\n<meta name=\"description\" content=\"Is a Film and Television production company based in Buenos Aires, Argentina, focused on international co-production and worldwide content.C7F productions has been co-produced and distributed by FOX International Productions, 20th Century FOX, Universal Pictures, Buena Vista International, Lionsgate-Grindstone and Netflix, among others. C7F productions featured talents such as Harvey Keitel, Hayden Christensen, Geraldine Chaplin, Ricardo Dar\u00edn, Lito Cruz, Jos\u00e9 Sacrist\u00e1n, Vera Spinetta and Marco Leonardi, among others.C7F\u2019s fiction and documentary films have been selected and awarded in more than 50 international festivals.\" \/>\n<meta name=\"robots\" content=\"index, follow, max-snippet:-1, max-image-preview:large, max-video-preview:-1\" \/>\n<link rel=\"canonical\" href=\"https:\/\/cinema7.com\/index.php\/services\/\" \/>\n<meta property=\"og:locale\" content=\"en_US\" \/>\n<meta property=\"og:type\" content=\"article\" \/>\n<meta property=\"og:title\" content=\"Cinema7 - Services\" \/>\n<meta property=\"og:description\" content=\"Is a Film and Television production company based in Buenos Aires, Argentina, focused on international co-production and worldwide content.C7F productions has been co-produced and distributed by FOX International Productions, 20th Century FOX, Universal Pictures, Buena Vista International, Lionsgate-Grindstone and Netflix, among others. C7F productions featured talents such as Harvey Keitel, Hayden Christensen, Geraldine Chaplin, Ricardo Dar\u00edn, Lito Cruz, Jos\u00e9 Sacrist\u00e1n, Vera Spinetta and Marco Leonardi, among others.C7F\u2019s fiction and documentary films have been selected and awarded in more than 50 international festivals.\" \/>\n<meta property=\"og:url\" content=\"https:\/\/cinema7.com\/index.php\/services\/\" \/>\n<meta property=\"og:site_name\" content=\"Cinema7\" \/>\n<meta property=\"article:publisher\" content=\"https:\/\/www.facebook.com\/cinema7films\/\" \/>\n<meta property=\"article:modified_time\" content=\"2023-11-29T19:39:19+00:00\" \/>\n<meta property=\"og:image\" content=\"https:\/\/cinema7.com\/wp-content\/uploads\/2025\/12\/301967027_490361246430718_5221647641402723262_n.jpg\" \/>\n\t<meta property=\"og:image:width\" content=\"640\" \/>\n\t<meta property=\"og:image:height\" content=\"640\" \/>\n\t<meta property=\"og:image:type\" content=\"image\/jpeg\" \/>\n<meta name=\"twitter:card\" content=\"summary_large_image\" \/>\n<script type=\"application\/ld+json\" class=\"yoast-schema-graph\">{\"@context\":\"https:\/\/schema.org\",\"@graph\":[{\"@type\":\"WebPage\",\"@id\":\"https:\/\/cinema7.com\/index.php\/services\/\",\"url\":\"https:\/\/cinema7.com\/index.php\/services\/\",\"name\":\"Cinema7 - Services\",\"isPartOf\":{\"@id\":\"https:\/\/cinema7.com\/#website\"},\"datePublished\":\"2022-02-02T16:16:32+00:00\",\"dateModified\":\"2023-11-29T19:39:19+00:00\",\"description\":\"Is a Film and Television production company based in Buenos Aires, Argentina, focused on international co-production and worldwide content.C7F productions has been co-produced and distributed by FOX International Productions, 20th Century FOX, Universal Pictures, Buena Vista International, Lionsgate-Grindstone and Netflix, among others. C7F productions featured talents such as Harvey Keitel, Hayden Christensen, Geraldine Chaplin, Ricardo Dar\u00edn, Lito Cruz, Jos\u00e9 Sacrist\u00e1n, Vera Spinetta and Marco Leonardi, among others.C7F\u2019s fiction and documentary films have been selected and awarded in more than 50 international festivals.\",\"breadcrumb\":{\"@id\":\"https:\/\/cinema7.com\/index.php\/services\/#breadcrumb\"},\"inLanguage\":\"en-US\",\"potentialAction\":[{\"@type\":\"ReadAction\",\"target\":[\"https:\/\/cinema7.com\/index.php\/services\/\"]}]},{\"@type\":\"BreadcrumbList\",\"@id\":\"https:\/\/cinema7.com\/index.php\/services\/#breadcrumb\",\"itemListElement\":[{\"@type\":\"ListItem\",\"position\":1,\"name\":\"Home\",\"item\":\"https:\/\/cinema7.com\/\"},{\"@type\":\"ListItem\",\"position\":2,\"name\":\"Services\"}]},{\"@type\":\"WebSite\",\"@id\":\"https:\/\/cinema7.com\/#website\",\"url\":\"https:\/\/cinema7.com\/\",\"name\":\"Cinema7\",\"description\":\"Film and Television production company based in Buenos Aires\",\"publisher\":{\"@id\":\"https:\/\/cinema7.com\/#organization\"},\"potentialAction\":[{\"@type\":\"SearchAction\",\"target\":{\"@type\":\"EntryPoint\",\"urlTemplate\":\"https:\/\/cinema7.com\/?s={search_term_string}\"},\"query-input\":{\"@type\":\"PropertyValueSpecification\",\"valueRequired\":true,\"valueName\":\"search_term_string\"}}],\"inLanguage\":\"en-US\"},{\"@type\":\"Organization\",\"@id\":\"https:\/\/cinema7.com\/#organization\",\"name\":\"Cinema 7\",\"url\":\"https:\/\/cinema7.com\/\",\"logo\":{\"@type\":\"ImageObject\",\"inLanguage\":\"en-US\",\"@id\":\"https:\/\/cinema7.com\/#\/schema\/logo\/image\/\",\"url\":\"https:\/\/cinema7.com\/wp-content\/uploads\/2025\/12\/301967027_490361246430718_5221647641402723262_n.jpg\",\"contentUrl\":\"https:\/\/cinema7.com\/wp-content\/uploads\/2025\/12\/301967027_490361246430718_5221647641402723262_n.jpg\",\"width\":640,\"height\":640,\"caption\":\"Cinema 7\"},\"image\":{\"@id\":\"https:\/\/cinema7.com\/#\/schema\/logo\/image\/\"},\"sameAs\":[\"https:\/\/www.facebook.com\/cinema7films\/\",\"https:\/\/www.instagram.com\/cinema7films\/?hl=es-la\",\"https:\/\/www.youtube.com\/channel\/UC38dWH3jYVw9rAMJtWKWxSQ\"]}]}<\/script>\n<!-- \/ Yoast SEO plugin. -->","yoast_head_json":{"title":"Cinema7 - Services","description":"Is a Film and Television production company based in Buenos Aires, Argentina, focused on international co-production and worldwide content.C7F productions has been co-produced and distributed by FOX International Productions, 20th Century FOX, Universal Pictures, Buena Vista International, Lionsgate-Grindstone and Netflix, among others. C7F productions featured talents such as Harvey Keitel, Hayden Christensen, Geraldine Chaplin, Ricardo Dar\u00edn, Lito Cruz, Jos\u00e9 Sacrist\u00e1n, Vera Spinetta and Marco Leonardi, among others.C7F\u2019s fiction and documentary films have been selected and awarded in more than 50 international festivals.","robots":{"index":"index","follow":"follow","max-snippet":"max-snippet:-1","max-image-preview":"max-image-preview:large","max-video-preview":"max-video-preview:-1"},"canonical":"https:\/\/cinema7.com\/index.php\/services\/","og_locale":"en_US","og_type":"article","og_title":"Cinema7 - Services","og_description":"Is a Film and Television production company based in Buenos Aires, Argentina, focused on international co-production and worldwide content.C7F productions has been co-produced and distributed by FOX International Productions, 20th Century FOX, Universal Pictures, Buena Vista International, Lionsgate-Grindstone and Netflix, among others. C7F productions featured talents such as Harvey Keitel, Hayden Christensen, Geraldine Chaplin, Ricardo Dar\u00edn, Lito Cruz, Jos\u00e9 Sacrist\u00e1n, Vera Spinetta and Marco Leonardi, among others.C7F\u2019s fiction and documentary films have been selected and awarded in more than 50 international festivals.","og_url":"https:\/\/cinema7.com\/index.php\/services\/","og_site_name":"Cinema7","article_publisher":"https:\/\/www.facebook.com\/cinema7films\/","article_modified_time":"2023-11-29T19:39:19+00:00","og_image":[{"width":640,"height":640,"url":"https:\/\/cinema7.com\/wp-content\/uploads\/2025\/12\/301967027_490361246430718_5221647641402723262_n.jpg","type":"image\/jpeg"}],"twitter_card":"summary_large_image","schema":{"@context":"https:\/\/schema.org","@graph":[{"@type":"WebPage","@id":"https:\/\/cinema7.com\/index.php\/services\/","url":"https:\/\/cinema7.com\/index.php\/services\/","name":"Cinema7 - Services","isPartOf":{"@id":"https:\/\/cinema7.com\/#website"},"datePublished":"2022-02-02T16:16:32+00:00","dateModified":"2023-11-29T19:39:19+00:00","description":"Is a Film and Television production company based in Buenos Aires, Argentina, focused on international co-production and worldwide content.C7F productions has been co-produced and distributed by FOX International Productions, 20th Century FOX, Universal Pictures, Buena Vista International, Lionsgate-Grindstone and Netflix, among others. C7F productions featured talents such as Harvey Keitel, Hayden Christensen, Geraldine Chaplin, Ricardo Dar\u00edn, Lito Cruz, Jos\u00e9 Sacrist\u00e1n, Vera Spinetta and Marco Leonardi, among others.C7F\u2019s fiction and documentary films have been selected and awarded in more than 50 international festivals.","breadcrumb":{"@id":"https:\/\/cinema7.com\/index.php\/services\/#breadcrumb"},"inLanguage":"en-US","potentialAction":[{"@type":"ReadAction","target":["https:\/\/cinema7.com\/index.php\/services\/"]}]},{"@type":"BreadcrumbList","@id":"https:\/\/cinema7.com\/index.php\/services\/#breadcrumb","itemListElement":[{"@type":"ListItem","position":1,"name":"Home","item":"https:\/\/cinema7.com\/"},{"@type":"ListItem","position":2,"name":"Services"}]},{"@type":"WebSite","@id":"https:\/\/cinema7.com\/#website","url":"https:\/\/cinema7.com\/","name":"Cinema7","description":"Film and Television production company based in Buenos Aires","publisher":{"@id":"https:\/\/cinema7.com\/#organization"},"potentialAction":[{"@type":"SearchAction","target":{"@type":"EntryPoint","urlTemplate":"https:\/\/cinema7.com\/?s={search_term_string}"},"query-input":{"@type":"PropertyValueSpecification","valueRequired":true,"valueName":"search_term_string"}}],"inLanguage":"en-US"},{"@type":"Organization","@id":"https:\/\/cinema7.com\/#organization","name":"Cinema 7","url":"https:\/\/cinema7.com\/","logo":{"@type":"ImageObject","inLanguage":"en-US","@id":"https:\/\/cinema7.com\/#\/schema\/logo\/image\/","url":"https:\/\/cinema7.com\/wp-content\/uploads\/2025\/12\/301967027_490361246430718_5221647641402723262_n.jpg","contentUrl":"https:\/\/cinema7.com\/wp-content\/uploads\/2025\/12\/301967027_490361246430718_5221647641402723262_n.jpg","width":640,"height":640,"caption":"Cinema 7"},"image":{"@id":"https:\/\/cinema7.com\/#\/schema\/logo\/image\/"},"sameAs":["https:\/\/www.facebook.com\/cinema7films\/","https:\/\/www.instagram.com\/cinema7films\/?hl=es-la","https:\/\/www.youtube.com\/channel\/UC38dWH3jYVw9rAMJtWKWxSQ"]}]}},"_links":{"self":[{"href":"https:\/\/cinema7.com\/index.php\/wp-json\/wp\/v2\/pages\/833","targetHints":{"allow":["GET"]}}],"collection":[{"href":"https:\/\/cinema7.com\/index.php\/wp-json\/wp\/v2\/pages"}],"about":[{"href":"https:\/\/cinema7.com\/index.php\/wp-json\/wp\/v2\/types\/page"}],"author":[{"embeddable":true,"href":"https:\/\/cinema7.com\/index.php\/wp-json\/wp\/v2\/users\/1"}],"replies":[{"embeddable":true,"href":"https:\/\/cinema7.com\/index.php\/wp-json\/wp\/v2\/comments?post=833"}],"version-history":[{"count":25,"href":"https:\/\/cinema7.com\/index.php\/wp-json\/wp\/v2\/pages\/833\/revisions"}],"predecessor-version":[{"id":926,"href":"https:\/\/cinema7.com\/index.php\/wp-json\/wp\/v2\/pages\/833\/revisions\/926"}],"wp:attachment":[{"href":"https:\/\/cinema7.com\/index.php\/wp-json\/wp\/v2\/media?parent=833"}],"curies":[{"name":"wp","href":"https:\/\/api.w.org\/{rel}","templated":true}]}}